{"id":267,"date":"2025-04-01T16:15:11","date_gmt":"2025-04-01T14:15:11","guid":{"rendered":"https:\/\/bd.bz.it\/?page_id=267"},"modified":"2025-04-07T20:46:46","modified_gmt":"2025-04-07T18:46:46","slug":"impressum","status":"publish","type":"page","link":"https:\/\/bd.bz.it\/de\/impressum\/","title":{"rendered":"Impressum"},"content":{"rendered":"\n<p>Bau Design<\/p>\n\n\n\n<p>Koch Waldner Robert<br>Schulgasse 9\/a<br>I-39020 Schluderns<\/p>\n\n\n\n<div style=\"height:34px\" aria-hidden=\"true\" class=\"wp-block-spacer\"><\/div>\n\n\n\n<p>MwSt.-Nr. 03225300213<\/p>\n\n\n\n<p>Steuer-Nr. KCHRRT55T24H004V<\/p>\n\n\n\n<div style=\"height:34px\" aria-hidden=\"true\" class=\"wp-block-spacer\"><\/div>\n\n\n\n<p><a href=\"tel:+393426600141\">Tel. +39 342 6600141<\/a><\/p>\n\n\n\n<p><a href=\"mailto:info@bd.bz.it\">info@bd.bz.it<\/a><\/p>\n\n\n\n<div style=\"height:58px\" aria-hidden=\"true\" class=\"wp-block-spacer\"><\/div>\n\n\n\n<div class=\"translation-block\">\n\n\n\n<p><strong>Haftungshinweis<\/strong><\/p>\n\n\n\n<p>Die auf dieser Website genannten Marken und Firmen sind Eigentum der jeweiligen Inhaber.<\/p>\n\n\n\n<p>Diese Website enth\u00e4lt Links auf Websites von Dritten. Trotz sorgf\u00e4ltiger inhaltlicher Kontrolle wird keinerlei Haftung f\u00fcr den Inhalt der verlinkten Websites \u00fcbernommen. Die Verantwortung und Haftung f\u00fcr deren Inhalt und Gestaltung liegt ausschlie\u00dflich bei den jeweiligen Betreibern.<\/p>\n\n\n\n<div style=\"height:40px\" aria-hidden=\"true\" class=\"wp-block-spacer\"><\/div>\n\n\n\n<p><strong>Informationspflicht zur<\/strong>&nbsp;<strong>Online-Streitbeilegung<\/strong><\/p>\n\n\n\n<p><a href=\"http:\/\/ec.europa.eu\/consumers\/odr\/\" target=\"_blank\" rel=\"noreferrer noopener\">Pflichtinformation nach EU-Verordnung<\/a>&nbsp;Nr. 524\/2013 des Europ\u00e4ischen Parlaments und Rats Plattform zur Online-Beilegung verbraucherrechtlicher Streitigkeiten (ODR) der Europ\u00e4ischen Kommission.<\/p>\n\n\n\n<\/div>\n","protected":false},"excerpt":{"rendered":"<p>Bau Design Koch Waldner RobertSchulgasse 9\/aI-39020 Schluderns MwSt.-Nr. 03225300213 Steuer-Nr. KCHRRT55T24H004V Tel. +39 342 6600141 info@bd.bz.it Haftungshinweis Die auf dieser Website genannten Marken und Firmen sind Eigentum der jeweiligen Inhaber. Diese Website enth\u00e4lt Links auf Websites von Dritten. Trotz sorgf\u00e4ltiger inhaltlicher Kontrolle wird keinerlei Haftung f\u00fcr den Inhalt der verlinkten Websites \u00fcbernommen. Die Verantwortung und [&hellip;]<\/p>\n","protected":false},"author":1,"featured_media":0,"parent":0,"menu_order":2,"comment_status":"closed","ping_status":"closed","template":"","meta":{"_acf_changed":false,"inline_featured_image":false,"footnotes":""},"class_list":["post-267","page","type-page","status-publish","hentry"],"acf":[],"yoast_head":"<!-- This site is optimized with the Yoast SEO plugin v24.5 - https:\/\/yoast.com\/wordpress\/plugins\/seo\/ -->\n<title>Impressum - Bau Design<\/title>\n<meta name=\"robots\" content=\"index, follow, max-snippet:-1, max-image-preview:large, max-video-preview:-1\" \/>\n<link rel=\"canonical\" href=\"https:\/\/bd.bz.it\/de\/impressum\/\" \/>\n<meta property=\"og:locale\" content=\"de_DE\" \/>\n<meta property=\"og:type\" content=\"article\" \/>\n<meta property=\"og:title\" content=\"Impressum - Bau Design\" \/>\n<meta property=\"og:description\" content=\"Bau Design Koch Waldner RobertSchulgasse 9\/aI-39020 Schluderns MwSt.-Nr. 03225300213 Steuer-Nr. KCHRRT55T24H004V Tel. +39 342 6600141 info@bd.bz.it Haftungshinweis Die auf dieser Website genannten Marken und Firmen sind Eigentum der jeweiligen Inhaber. Diese Website enth\u00e4lt Links auf Websites von Dritten. Trotz sorgf\u00e4ltiger inhaltlicher Kontrolle wird keinerlei Haftung f\u00fcr den Inhalt der verlinkten Websites \u00fcbernommen. Die Verantwortung und [&hellip;]\" \/>\n<meta property=\"og:url\" content=\"https:\/\/bd.bz.it\/de\/impressum\/\" \/>\n<meta property=\"og:site_name\" content=\"Bau Design\" \/>\n<meta property=\"article:modified_time\" content=\"2025-04-07T18:46:46+00:00\" \/>\n<meta name=\"twitter:card\" content=\"summary_large_image\" \/>\n<meta name=\"twitter:label1\" content=\"Gesch\u00e4tzte Lesezeit\" \/>\n\t<meta name=\"twitter:data1\" content=\"1 Minute\" \/>\n<script type=\"application\/ld+json\" class=\"yoast-schema-graph\">{\"@context\":\"https:\/\/schema.org\",\"@graph\":[{\"@type\":\"WebPage\",\"@id\":\"https:\/\/bd.bz.it\/impressum\/\",\"url\":\"https:\/\/bd.bz.it\/impressum\/\",\"name\":\"Impressum - Bau Design\",\"isPartOf\":{\"@id\":\"https:\/\/bd.bz.it\/de\/#website\"},\"datePublished\":\"2025-04-01T14:15:11+00:00\",\"dateModified\":\"2025-04-07T18:46:46+00:00\",\"breadcrumb\":{\"@id\":\"https:\/\/bd.bz.it\/impressum\/#breadcrumb\"},\"inLanguage\":\"de-AT\",\"potentialAction\":[{\"@type\":\"ReadAction\",\"target\":[\"https:\/\/bd.bz.it\/impressum\/\"]}]},{\"@type\":\"BreadcrumbList\",\"@id\":\"https:\/\/bd.bz.it\/impressum\/#breadcrumb\",\"itemListElement\":[{\"@type\":\"ListItem\",\"position\":1,\"name\":\"Startseite\",\"item\":\"https:\/\/bd.bz.it\/\"},{\"@type\":\"ListItem\",\"position\":2,\"name\":\"Impressum\"}]},{\"@type\":\"WebSite\",\"@id\":\"https:\/\/bd.bz.it\/de\/#website\",\"url\":\"https:\/\/bd.bz.it\/de\/\",\"name\":\"Bau Design\",\"description\":\"Koch Waldner Robert\",\"publisher\":{\"@id\":\"https:\/\/bd.bz.it\/de\/#organization\"},\"potentialAction\":[{\"@type\":\"SearchAction\",\"target\":{\"@type\":\"EntryPoint\",\"urlTemplate\":\"https:\/\/bd.bz.it\/de\/?s={search_term_string}\"},\"query-input\":{\"@type\":\"PropertyValueSpecification\",\"valueRequired\":true,\"valueName\":\"search_term_string\"}}],\"inLanguage\":\"de-AT\"},{\"@type\":\"Organization\",\"@id\":\"https:\/\/bd.bz.it\/de\/#organization\",\"name\":\"Bau Design\",\"url\":\"https:\/\/bd.bz.it\/de\/\",\"logo\":{\"@type\":\"ImageObject\",\"inLanguage\":\"de-AT\",\"@id\":\"https:\/\/bd.bz.it\/de\/#\/schema\/logo\/image\/\",\"url\":\"https:\/\/bd.bz.it\/wp-content\/uploads\/2025\/04\/bau-design_koch-waldner-robert_web-app-manifest-512x512-1.png\",\"contentUrl\":\"https:\/\/bd.bz.it\/wp-content\/uploads\/2025\/04\/bau-design_koch-waldner-robert_web-app-manifest-512x512-1.png\",\"width\":512,\"height\":512,\"caption\":\"Bau Design\"},\"image\":{\"@id\":\"https:\/\/bd.bz.it\/de\/#\/schema\/logo\/image\/\"}}]}<\/script>\n<!-- \/ Yoast SEO plugin. -->","yoast_head_json":{"title":"Impressum - Bau Design","robots":{"index":"index","follow":"follow","max-snippet":"max-snippet:-1","max-image-preview":"max-image-preview:large","max-video-preview":"max-video-preview:-1"},"canonical":"https:\/\/bd.bz.it\/de\/impressum\/","og_locale":"de_DE","og_type":"article","og_title":"Impressum - Bau Design","og_description":"Bau Design Koch Waldner RobertSchulgasse 9\/aI-39020 Schluderns MwSt.-Nr. 03225300213 Steuer-Nr. KCHRRT55T24H004V Tel. +39 342 6600141 info@bd.bz.it Haftungshinweis Die auf dieser Website genannten Marken und Firmen sind Eigentum der jeweiligen Inhaber. Diese Website enth\u00e4lt Links auf Websites von Dritten. Trotz sorgf\u00e4ltiger inhaltlicher Kontrolle wird keinerlei Haftung f\u00fcr den Inhalt der verlinkten Websites \u00fcbernommen. Die Verantwortung und [&hellip;]","og_url":"https:\/\/bd.bz.it\/de\/impressum\/","og_site_name":"Bau Design","article_modified_time":"2025-04-07T18:46:46+00:00","twitter_card":"summary_large_image","twitter_misc":{"Gesch\u00e4tzte Lesezeit":"1 Minute"},"schema":{"@context":"https:\/\/schema.org","@graph":[{"@type":"WebPage","@id":"https:\/\/bd.bz.it\/impressum\/","url":"https:\/\/bd.bz.it\/impressum\/","name":"Impressum - Bau Design","isPartOf":{"@id":"https:\/\/bd.bz.it\/de\/#website"},"datePublished":"2025-04-01T14:15:11+00:00","dateModified":"2025-04-07T18:46:46+00:00","breadcrumb":{"@id":"https:\/\/bd.bz.it\/impressum\/#breadcrumb"},"inLanguage":"de-AT","potentialAction":[{"@type":"ReadAction","target":["https:\/\/bd.bz.it\/impressum\/"]}]},{"@type":"BreadcrumbList","@id":"https:\/\/bd.bz.it\/impressum\/#breadcrumb","itemListElement":[{"@type":"ListItem","position":1,"name":"Startseite","item":"https:\/\/bd.bz.it\/"},{"@type":"ListItem","position":2,"name":"Impressum"}]},{"@type":"WebSite","@id":"https:\/\/bd.bz.it\/de\/#website","url":"https:\/\/bd.bz.it\/de\/","name":"Bau Design","description":"Koch Waldner Robert","publisher":{"@id":"https:\/\/bd.bz.it\/de\/#organization"},"potentialAction":[{"@type":"SearchAction","target":{"@type":"EntryPoint","urlTemplate":"https:\/\/bd.bz.it\/de\/?s={search_term_string}"},"query-input":{"@type":"PropertyValueSpecification","valueRequired":true,"valueName":"search_term_string"}}],"inLanguage":"de-AT"},{"@type":"Organization","@id":"https:\/\/bd.bz.it\/de\/#organization","name":"Bau Design","url":"https:\/\/bd.bz.it\/de\/","logo":{"@type":"ImageObject","inLanguage":"de-AT","@id":"https:\/\/bd.bz.it\/de\/#\/schema\/logo\/image\/","url":"https:\/\/bd.bz.it\/wp-content\/uploads\/2025\/04\/bau-design_koch-waldner-robert_web-app-manifest-512x512-1.png","contentUrl":"https:\/\/bd.bz.it\/wp-content\/uploads\/2025\/04\/bau-design_koch-waldner-robert_web-app-manifest-512x512-1.png","width":512,"height":512,"caption":"Bau Design"},"image":{"@id":"https:\/\/bd.bz.it\/de\/#\/schema\/logo\/image\/"}}]}},"_links":{"self":[{"href":"https:\/\/bd.bz.it\/de\/wp-json\/wp\/v2\/pages\/267","targetHints":{"allow":["GET"]}}],"collection":[{"href":"https:\/\/bd.bz.it\/de\/wp-json\/wp\/v2\/pages"}],"about":[{"href":"https:\/\/bd.bz.it\/de\/wp-json\/wp\/v2\/types\/page"}],"author":[{"embeddable":true,"href":"https:\/\/bd.bz.it\/de\/wp-json\/wp\/v2\/users\/1"}],"replies":[{"embeddable":true,"href":"https:\/\/bd.bz.it\/de\/wp-json\/wp\/v2\/comments?post=267"}],"version-history":[{"count":3,"href":"https:\/\/bd.bz.it\/de\/wp-json\/wp\/v2\/pages\/267\/revisions"}],"predecessor-version":[{"id":279,"href":"https:\/\/bd.bz.it\/de\/wp-json\/wp\/v2\/pages\/267\/revisions\/279"}],"wp:attachment":[{"href":"https:\/\/bd.bz.it\/de\/wp-json\/wp\/v2\/media?parent=267"}],"curies":[{"name":"wp","href":"https:\/\/api.w.org\/{rel}","templated":true}]}}