{"id":3,"date":"2025-03-03T11:55:55","date_gmt":"2025-03-03T10:55:55","guid":{"rendered":"https:\/\/bd.bz.it\/?page_id=3"},"modified":"2025-04-07T11:35:32","modified_gmt":"2025-04-07T09:35:32","slug":"datenschutzerklaerung","status":"publish","type":"page","link":"https:\/\/bd.bz.it\/it\/datenschutzerklaerung\/","title":{"rendered":"Protezione dei dati"},"content":{"rendered":"<div class=\"translation-block\">\n\n\n\n<h1 class=\"wp-block-heading\">1. Protezione dei dati a colpo d'occhio<\/h1>\n\n<h3 class=\"wp-block-heading\">Informazioni generali<\/h3>\n\n<p>Le seguenti informazioni forniscono una panoramica semplice di ci\u00f2 che accade ai vostri dati personali quando visitate questo sito web. I dati personali sono tutti i dati con i quali \u00e8 possibile identificarvi personalmente. Informazioni dettagliate sul tema della protezione dei dati sono disponibili nella nostra dichiarazione sulla protezione dei dati riportata sotto questo testo.<\/p>\n\n<h3 class=\"wp-block-heading\">Raccolta dati su questo sito web<\/h3>\n\n<h4 class=\"wp-block-heading\">Chi \u00e8 responsabile della raccolta dei dati su questo sito web?<\/h4>\n\n<p>Il trattamento dei dati su questo sito web \u00e8 effettuato dal gestore del sito web. I suoi dati di contatto possono essere trovati nella sezione \"Nota sull'autorit\u00e0 responsabile\" in questa dichiarazione sulla protezione dei dati.<\/p>\n\n<h4 class=\"wp-block-heading\">Come raccogliamo i vostri dati?<\/h4>\n\n<p>I vostri dati vengono raccolti da un lato quando ce li comunicate. Questo pu\u00f2 riguardare, ad esempio, i dati che inserite in un modulo di contatto.<\/p>\n\n<p>Altri dati vengono raccolti automaticamente o con il vostro consenso quando visitate il sito web dai nostri sistemi IT. Si tratta principalmente di dati tecnici (ad esempio, browser Internet, sistema operativo o orario dell'accesso alla pagina). La raccolta di questi dati avviene automaticamente non appena accedete a questo sito web.<\/p>\n\n<h4 class=\"wp-block-heading\">Per cosa utilizziamo i vostri dati?<\/h4>\n\n<p>Una parte dei dati viene raccolta per garantire la fornitura senza errori del sito web. Altri dati possono essere utilizzati per analizzare il comportamento degli utenti. Se tramite il sito web vengono stipulati o avviati contratti, i dati trasmessi vengono elaborati anche per offerte contrattuali, ordini o altre richieste d'ordine.<\/p>\n\n<h4 class=\"wp-block-heading\">Quali diritti avete riguardo ai vostri dati?<\/h4>\n\n<p>Avete il diritto, in qualsiasi momento, di ottenere gratuitamente informazioni sull'origine, sui destinatari e sullo scopo dei vostri dati personali memorizzati. Avete inoltre il diritto di richiedere la rettifica o la cancellazione di questi dati. Se avete dato il consenso al trattamento dei dati, potete revocare tale consenso in qualsiasi momento per il futuro. Inoltre, avete il diritto di richiedere, in determinate circostanze, la limitazione del trattamento dei vostri dati personali. Inoltre, avete il diritto di presentare un reclamo all'autorit\u00e0 di controllo competente.<\/p>\n\n<p>Per questo e per altre domande sul tema della protezione dei dati potete contattarci in qualsiasi momento.<\/p>\n\n<h2 class=\"wp-block-heading\">2. Hosting<\/h2>\n\n<p>Ospitiamo i contenuti del nostro sito web presso il seguente fornitore:<\/p>\n\n<h3 class=\"wp-block-heading\">Hetzner<\/h3>\n\n<p>Il fornitore \u00e8 Hetzner Online GmbH, Industriestr. 25, 91710 Gunzenhausen (di seguito Hetzner).<\/p>\n\n<p>Dettagli sono disponibili nella dichiarazione sulla protezione dei dati di Hetzner: <a href=\"https:\/\/www.hetzner.com\/de\/legal\/privacy-policy\/\" target=\"_blank\" rel=\"noreferrer noopener\">https:\/\/www.hetzner.com\/de\/legal\/privacy-policy\/<\/a>.<\/p>\n\n<p>L'uso di Hetzner avviene sulla base dell'Art. 6 par. 1 lit. f GDPR. Abbiamo un interesse legittimo a una presentazione il pi\u00f9 possibile affidabile del nostro sito web. Se \u00e8 stato richiesto un consenso corrispondente, il trattamento avviene esclusivamente sulla base dell'Art. 6 par. 1 lit. a GDPR e \u00a7 25 par. 1 TDDDG, nella misura in cui il consenso comprende la memorizzazione di cookie o l'accesso a informazioni sul dispositivo dell'utente (ad esempio, fingerprinting del dispositivo) ai sensi del TDDDG. Il consenso pu\u00f2 essere revocato in qualsiasi momento.<\/p>\n\n<h2 class=\"wp-block-heading\">3. Informazioni generali e obbligatorie<\/h2>\n\n<h3 class=\"wp-block-heading\">Protezione dei dati<\/h3>\n\n<p>I gestori di queste pagine prendono molto seriamente la protezione dei vostri dati personali. Trattiamo i vostri dati personali in modo confidenziale e in conformit\u00e0 con le normative legali sulla protezione dei dati e con questa dichiarazione sulla protezione dei dati.<\/p>\n\n<p>Quando utilizzate questo sito web, vengono raccolti diversi dati personali. I dati personali sono dati con i quali \u00e8 possibile identificarvi personalmente. La presente dichiarazione sulla protezione dei dati spiega quali dati raccogliamo e per cosa li utilizziamo. Spiega anche come e per quale scopo questo accade.<\/p>\n\n<p>Vi segnaliamo che la trasmissione di dati su Internet (ad esempio nella comunicazione via e-mail) pu\u00f2 presentare lacune di sicurezza. Una protezione completa dei dati dall'accesso da parte di terzi non \u00e8 possibile.<\/p>\n\n<h3 class=\"wp-block-heading\">Avviso sull'autorit\u00e0 responsabile<\/h3>\n\n<p>L'autorit\u00e0 responsabile per il trattamento dei dati su questo sito web \u00e8:<\/p>\n\n<p>Bau Design<br>Schulgasse 9\/a<br>I-39020 Schluderns<\/p>\n\n<p>Telefono: +39 342 6600141<br>E-Mail: info@bd.bz.it<\/p>\n\n<p>L'autorit\u00e0 responsabile \u00e8 la persona fisica o giuridica che, da sola o insieme ad altri, decide sugli scopi e sui mezzi del trattamento dei dati personali (ad esempio, nomi, indirizzi e-mail o simili).<\/p>\n\n<h3 class=\"wp-block-heading\">Durata della conservazione<\/h3>\n\n<p>Se non \u00e8 specificata una durata di conservazione pi\u00f9 specifica all'interno di questa dichiarazione sulla protezione dei dati, i vostri dati personali rimarranno presso di noi fino a quando lo scopo del trattamento dei dati non venga meno. Se presentate una richiesta legittima di cancellazione o revocate il consenso al trattamento dei dati, i vostri dati verranno cancellati, a meno che non ci siano altri motivi legalmente ammessi per la loro conservazione (ad esempio, obblighi di conservazione fiscale o commerciale); in quest'ultimo caso, la cancellazione avviene dopo la cessazione di tali motivi.<\/p>\n\n\n\n<\/div>","protected":false},"excerpt":{"rendered":"<p>1. Datenschutz auf einen Blick Allgemeine Hinweise Die folgenden Hinweise geben einen einfachen \u00dcberblick dar\u00fcber, was mit Ihren personenbezogenen Daten passiert, wenn Sie diese Website besuchen. Personenbezogene Daten sind alle Daten, mit denen Sie pers\u00f6nlich identifiziert werden k\u00f6nnen. Ausf\u00fchrliche Informationen zum Thema Datenschutz entnehmen Sie unserer unter diesem Text aufgef\u00fchrten Datenschutzerkl\u00e4rung. Datenerfassung auf dieser Website [&hellip;]<\/p>","protected":false},"author":1,"featured_media":0,"parent":0,"menu_order":3,"comment_status":"closed","ping_status":"open","template":"","meta":{"_acf_changed":false,"inline_featured_image":false,"footnotes":""},"class_list":["post-3","page","type-page","status-publish","hentry"],"acf":[],"yoast_head":"<!-- This site is optimized with the Yoast SEO plugin v24.5 - https:\/\/yoast.com\/wordpress\/plugins\/seo\/ -->\n<title>Datenschutz - Bau Design<\/title>\n<meta name=\"robots\" content=\"index, follow, max-snippet:-1, max-image-preview:large, max-video-preview:-1\" \/>\n<link rel=\"canonical\" href=\"https:\/\/bd.bz.it\/it\/datenschutzerklaerung\/\" \/>\n<meta property=\"og:locale\" content=\"it_IT\" \/>\n<meta property=\"og:type\" content=\"article\" \/>\n<meta property=\"og:title\" content=\"Datenschutz - Bau Design\" \/>\n<meta property=\"og:description\" content=\"1. Datenschutz auf einen Blick Allgemeine Hinweise Die folgenden Hinweise geben einen einfachen \u00dcberblick dar\u00fcber, was mit Ihren personenbezogenen Daten passiert, wenn Sie diese Website besuchen. Personenbezogene Daten sind alle Daten, mit denen Sie pers\u00f6nlich identifiziert werden k\u00f6nnen. Ausf\u00fchrliche Informationen zum Thema Datenschutz entnehmen Sie unserer unter diesem Text aufgef\u00fchrten Datenschutzerkl\u00e4rung. Datenerfassung auf dieser Website [&hellip;]\" \/>\n<meta property=\"og:url\" content=\"https:\/\/bd.bz.it\/it\/datenschutzerklaerung\/\" \/>\n<meta property=\"og:site_name\" content=\"Bau Design\" \/>\n<meta property=\"article:modified_time\" content=\"2025-04-07T09:35:32+00:00\" \/>\n<meta name=\"twitter:card\" content=\"summary_large_image\" \/>\n<meta name=\"twitter:label1\" content=\"Tempo di lettura stimato\" \/>\n\t<meta name=\"twitter:data1\" content=\"13 minuti\" \/>\n<script type=\"application\/ld+json\" class=\"yoast-schema-graph\">{\"@context\":\"https:\/\/schema.org\",\"@graph\":[{\"@type\":\"WebPage\",\"@id\":\"https:\/\/bd.bz.it\/datenschutzerklaerung\/\",\"url\":\"https:\/\/bd.bz.it\/datenschutzerklaerung\/\",\"name\":\"Datenschutz - Bau Design\",\"isPartOf\":{\"@id\":\"https:\/\/bd.bz.it\/de\/#website\"},\"datePublished\":\"2025-03-03T10:55:55+00:00\",\"dateModified\":\"2025-04-07T09:35:32+00:00\",\"breadcrumb\":{\"@id\":\"https:\/\/bd.bz.it\/datenschutzerklaerung\/#breadcrumb\"},\"inLanguage\":\"it-IT\",\"potentialAction\":[{\"@type\":\"ReadAction\",\"target\":[\"https:\/\/bd.bz.it\/datenschutzerklaerung\/\"]}]},{\"@type\":\"BreadcrumbList\",\"@id\":\"https:\/\/bd.bz.it\/datenschutzerklaerung\/#breadcrumb\",\"itemListElement\":[{\"@type\":\"ListItem\",\"position\":1,\"name\":\"Startseite\",\"item\":\"https:\/\/bd.bz.it\/\"},{\"@type\":\"ListItem\",\"position\":2,\"name\":\"Datenschutz\"}]},{\"@type\":\"WebSite\",\"@id\":\"https:\/\/bd.bz.it\/de\/#website\",\"url\":\"https:\/\/bd.bz.it\/de\/\",\"name\":\"Bau Design\",\"description\":\"Koch Waldner Robert\",\"publisher\":{\"@id\":\"https:\/\/bd.bz.it\/de\/#organization\"},\"potentialAction\":[{\"@type\":\"SearchAction\",\"target\":{\"@type\":\"EntryPoint\",\"urlTemplate\":\"https:\/\/bd.bz.it\/de\/?s={search_term_string}\"},\"query-input\":{\"@type\":\"PropertyValueSpecification\",\"valueRequired\":true,\"valueName\":\"search_term_string\"}}],\"inLanguage\":\"it-IT\"},{\"@type\":\"Organization\",\"@id\":\"https:\/\/bd.bz.it\/de\/#organization\",\"name\":\"Bau Design\",\"url\":\"https:\/\/bd.bz.it\/de\/\",\"logo\":{\"@type\":\"ImageObject\",\"inLanguage\":\"it-IT\",\"@id\":\"https:\/\/bd.bz.it\/de\/#\/schema\/logo\/image\/\",\"url\":\"https:\/\/bd.bz.it\/wp-content\/uploads\/2025\/04\/bau-design_koch-waldner-robert_web-app-manifest-512x512-1.png\",\"contentUrl\":\"https:\/\/bd.bz.it\/wp-content\/uploads\/2025\/04\/bau-design_koch-waldner-robert_web-app-manifest-512x512-1.png\",\"width\":512,\"height\":512,\"caption\":\"Bau Design\"},\"image\":{\"@id\":\"https:\/\/bd.bz.it\/de\/#\/schema\/logo\/image\/\"}}]}<\/script>\n<!-- \/ Yoast SEO plugin. -->","yoast_head_json":{"title":"Datenschutz - Bau Design","robots":{"index":"index","follow":"follow","max-snippet":"max-snippet:-1","max-image-preview":"max-image-preview:large","max-video-preview":"max-video-preview:-1"},"canonical":"https:\/\/bd.bz.it\/it\/datenschutzerklaerung\/","og_locale":"it_IT","og_type":"article","og_title":"Datenschutz - Bau Design","og_description":"1. Datenschutz auf einen Blick Allgemeine Hinweise Die folgenden Hinweise geben einen einfachen \u00dcberblick dar\u00fcber, was mit Ihren personenbezogenen Daten passiert, wenn Sie diese Website besuchen. Personenbezogene Daten sind alle Daten, mit denen Sie pers\u00f6nlich identifiziert werden k\u00f6nnen. Ausf\u00fchrliche Informationen zum Thema Datenschutz entnehmen Sie unserer unter diesem Text aufgef\u00fchrten Datenschutzerkl\u00e4rung. Datenerfassung auf dieser Website [&hellip;]","og_url":"https:\/\/bd.bz.it\/it\/datenschutzerklaerung\/","og_site_name":"Bau Design","article_modified_time":"2025-04-07T09:35:32+00:00","twitter_card":"summary_large_image","twitter_misc":{"Tempo di lettura stimato":"13 minuti"},"schema":{"@context":"https:\/\/schema.org","@graph":[{"@type":"WebPage","@id":"https:\/\/bd.bz.it\/datenschutzerklaerung\/","url":"https:\/\/bd.bz.it\/datenschutzerklaerung\/","name":"Datenschutz - Bau Design","isPartOf":{"@id":"https:\/\/bd.bz.it\/de\/#website"},"datePublished":"2025-03-03T10:55:55+00:00","dateModified":"2025-04-07T09:35:32+00:00","breadcrumb":{"@id":"https:\/\/bd.bz.it\/datenschutzerklaerung\/#breadcrumb"},"inLanguage":"it-IT","potentialAction":[{"@type":"ReadAction","target":["https:\/\/bd.bz.it\/datenschutzerklaerung\/"]}]},{"@type":"BreadcrumbList","@id":"https:\/\/bd.bz.it\/datenschutzerklaerung\/#breadcrumb","itemListElement":[{"@type":"ListItem","position":1,"name":"Startseite","item":"https:\/\/bd.bz.it\/"},{"@type":"ListItem","position":2,"name":"Datenschutz"}]},{"@type":"WebSite","@id":"https:\/\/bd.bz.it\/de\/#website","url":"https:\/\/bd.bz.it\/de\/","name":"Bau Design","description":"Koch Waldner Robert","publisher":{"@id":"https:\/\/bd.bz.it\/de\/#organization"},"potentialAction":[{"@type":"SearchAction","target":{"@type":"EntryPoint","urlTemplate":"https:\/\/bd.bz.it\/de\/?s={search_term_string}"},"query-input":{"@type":"PropertyValueSpecification","valueRequired":true,"valueName":"search_term_string"}}],"inLanguage":"it-IT"},{"@type":"Organization","@id":"https:\/\/bd.bz.it\/de\/#organization","name":"Bau Design","url":"https:\/\/bd.bz.it\/de\/","logo":{"@type":"ImageObject","inLanguage":"it-IT","@id":"https:\/\/bd.bz.it\/de\/#\/schema\/logo\/image\/","url":"https:\/\/bd.bz.it\/wp-content\/uploads\/2025\/04\/bau-design_koch-waldner-robert_web-app-manifest-512x512-1.png","contentUrl":"https:\/\/bd.bz.it\/wp-content\/uploads\/2025\/04\/bau-design_koch-waldner-robert_web-app-manifest-512x512-1.png","width":512,"height":512,"caption":"Bau Design"},"image":{"@id":"https:\/\/bd.bz.it\/de\/#\/schema\/logo\/image\/"}}]}},"_links":{"self":[{"href":"https:\/\/bd.bz.it\/it\/wp-json\/wp\/v2\/pages\/3","targetHints":{"allow":["GET"]}}],"collection":[{"href":"https:\/\/bd.bz.it\/it\/wp-json\/wp\/v2\/pages"}],"about":[{"href":"https:\/\/bd.bz.it\/it\/wp-json\/wp\/v2\/types\/page"}],"author":[{"embeddable":true,"href":"https:\/\/bd.bz.it\/it\/wp-json\/wp\/v2\/users\/1"}],"replies":[{"embeddable":true,"href":"https:\/\/bd.bz.it\/it\/wp-json\/wp\/v2\/comments?post=3"}],"version-history":[{"count":4,"href":"https:\/\/bd.bz.it\/it\/wp-json\/wp\/v2\/pages\/3\/revisions"}],"predecessor-version":[{"id":277,"href":"https:\/\/bd.bz.it\/it\/wp-json\/wp\/v2\/pages\/3\/revisions\/277"}],"wp:attachment":[{"href":"https:\/\/bd.bz.it\/it\/wp-json\/wp\/v2\/media?parent=3"}],"curies":[{"name":"wp","href":"https:\/\/api.w.org\/{rel}","templated":true}]}}