{"id":7,"date":"2025-03-03T13:24:01","date_gmt":"2025-03-03T12:24:01","guid":{"rendered":"https:\/\/bd.bz.it\/?page_id=7"},"modified":"2025-04-14T11:10:59","modified_gmt":"2025-04-14T09:10:59","slug":"bau-design","status":"publish","type":"page","link":"https:\/\/bd.bz.it\/it\/","title":{"rendered":"Bau Design"},"content":{"rendered":"","protected":false},"excerpt":{"rendered":"","protected":false},"author":1,"featured_media":0,"parent":0,"menu_order":1,"comment_status":"closed","ping_status":"closed","template":"","meta":{"_acf_changed":false,"inline_featured_image":false,"footnotes":""},"class_list":["post-7","page","type-page","status-publish","hentry"],"acf":[],"yoast_head":"<!-- This site is optimized with the Yoast SEO plugin v24.5 - https:\/\/yoast.com\/wordpress\/plugins\/seo\/ -->\n<title>Bau Design - Koch Waldner Robert<\/title>\n<meta name=\"description\" content=\"Planung und Baumanagement: Funktionale L\u00f6sungen, Planung von Innenr\u00e4umen, Detailpl\u00e4ne, Material- und Farbberatung, Koordination und Bauleitung\" \/>\n<meta name=\"robots\" content=\"index, follow, max-snippet:-1, max-image-preview:large, max-video-preview:-1\" \/>\n<link rel=\"canonical\" href=\"https:\/\/bd.bz.it\/it\/\" \/>\n<meta property=\"og:locale\" content=\"it_IT\" \/>\n<meta property=\"og:type\" content=\"article\" \/>\n<meta property=\"og:title\" content=\"Bau Design - Koch Waldner Robert\" \/>\n<meta property=\"og:description\" content=\"Planung und Baumanagement: Funktionale L\u00f6sungen, Planung von Innenr\u00e4umen, Detailpl\u00e4ne, Material- und Farbberatung, Koordination und Bauleitung\" \/>\n<meta property=\"og:url\" content=\"https:\/\/bd.bz.it\/it\/\" \/>\n<meta property=\"og:site_name\" content=\"Bau Design\" \/>\n<meta property=\"article:modified_time\" content=\"2025-04-14T09:10:59+00:00\" \/>\n<meta name=\"twitter:card\" content=\"summary_large_image\" \/>\n<script type=\"application\/ld+json\" class=\"yoast-schema-graph\">{\"@context\":\"https:\/\/schema.org\",\"@graph\":[{\"@type\":\"WebPage\",\"@id\":\"https:\/\/bd.bz.it\/\",\"url\":\"https:\/\/bd.bz.it\/\",\"name\":\"Bau Design - Koch Waldner Robert\",\"isPartOf\":{\"@id\":\"https:\/\/bd.bz.it\/de\/#website\"},\"datePublished\":\"2025-03-03T12:24:01+00:00\",\"dateModified\":\"2025-04-14T09:10:59+00:00\",\"description\":\"Planung und Baumanagement: Funktionale L\u00f6sungen, Planung von Innenr\u00e4umen, Detailpl\u00e4ne, Material- und Farbberatung, Koordination und Bauleitung\",\"breadcrumb\":{\"@id\":\"https:\/\/bd.bz.it\/#breadcrumb\"},\"inLanguage\":\"it-IT\",\"potentialAction\":[{\"@type\":\"ReadAction\",\"target\":[\"https:\/\/bd.bz.it\/\"]}]},{\"@type\":\"BreadcrumbList\",\"@id\":\"https:\/\/bd.bz.it\/#breadcrumb\",\"itemListElement\":[{\"@type\":\"ListItem\",\"position\":1,\"name\":\"Startseite\",\"item\":\"https:\/\/bd.bz.it\/\"},{\"@type\":\"ListItem\",\"position\":2,\"name\":\"Bau Design\"}]},{\"@type\":\"WebSite\",\"@id\":\"https:\/\/bd.bz.it\/de\/#website\",\"url\":\"https:\/\/bd.bz.it\/de\/\",\"name\":\"Bau Design\",\"description\":\"Koch Waldner Robert\",\"publisher\":{\"@id\":\"https:\/\/bd.bz.it\/de\/#organization\"},\"potentialAction\":[{\"@type\":\"SearchAction\",\"target\":{\"@type\":\"EntryPoint\",\"urlTemplate\":\"https:\/\/bd.bz.it\/de\/?s={search_term_string}\"},\"query-input\":{\"@type\":\"PropertyValueSpecification\",\"valueRequired\":true,\"valueName\":\"search_term_string\"}}],\"inLanguage\":\"it-IT\"},{\"@type\":\"Organization\",\"@id\":\"https:\/\/bd.bz.it\/de\/#organization\",\"name\":\"Bau Design\",\"url\":\"https:\/\/bd.bz.it\/de\/\",\"logo\":{\"@type\":\"ImageObject\",\"inLanguage\":\"it-IT\",\"@id\":\"https:\/\/bd.bz.it\/de\/#\/schema\/logo\/image\/\",\"url\":\"https:\/\/bd.bz.it\/wp-content\/uploads\/2025\/04\/bau-design_koch-waldner-robert_web-app-manifest-512x512-1.png\",\"contentUrl\":\"https:\/\/bd.bz.it\/wp-content\/uploads\/2025\/04\/bau-design_koch-waldner-robert_web-app-manifest-512x512-1.png\",\"width\":512,\"height\":512,\"caption\":\"Bau Design\"},\"image\":{\"@id\":\"https:\/\/bd.bz.it\/de\/#\/schema\/logo\/image\/\"}}]}<\/script>\n<!-- \/ Yoast SEO plugin. -->","yoast_head_json":{"title":"Bau Design - Koch Waldner Robert","description":"Planung und Baumanagement: Funktionale L\u00f6sungen, Planung von Innenr\u00e4umen, Detailpl\u00e4ne, Material- und Farbberatung, Koordination und Bauleitung","robots":{"index":"index","follow":"follow","max-snippet":"max-snippet:-1","max-image-preview":"max-image-preview:large","max-video-preview":"max-video-preview:-1"},"canonical":"https:\/\/bd.bz.it\/it\/","og_locale":"it_IT","og_type":"article","og_title":"Bau Design - Koch Waldner Robert","og_description":"Planung und Baumanagement: Funktionale L\u00f6sungen, Planung von Innenr\u00e4umen, Detailpl\u00e4ne, Material- und Farbberatung, Koordination und Bauleitung","og_url":"https:\/\/bd.bz.it\/it\/","og_site_name":"Bau Design","article_modified_time":"2025-04-14T09:10:59+00:00","twitter_card":"summary_large_image","schema":{"@context":"https:\/\/schema.org","@graph":[{"@type":"WebPage","@id":"https:\/\/bd.bz.it\/","url":"https:\/\/bd.bz.it\/","name":"Bau Design - Koch Waldner Robert","isPartOf":{"@id":"https:\/\/bd.bz.it\/de\/#website"},"datePublished":"2025-03-03T12:24:01+00:00","dateModified":"2025-04-14T09:10:59+00:00","description":"Planung und Baumanagement: Funktionale L\u00f6sungen, Planung von Innenr\u00e4umen, Detailpl\u00e4ne, Material- und Farbberatung, Koordination und Bauleitung","breadcrumb":{"@id":"https:\/\/bd.bz.it\/#breadcrumb"},"inLanguage":"it-IT","potentialAction":[{"@type":"ReadAction","target":["https:\/\/bd.bz.it\/"]}]},{"@type":"BreadcrumbList","@id":"https:\/\/bd.bz.it\/#breadcrumb","itemListElement":[{"@type":"ListItem","position":1,"name":"Startseite","item":"https:\/\/bd.bz.it\/"},{"@type":"ListItem","position":2,"name":"Bau Design"}]},{"@type":"WebSite","@id":"https:\/\/bd.bz.it\/de\/#website","url":"https:\/\/bd.bz.it\/de\/","name":"Bau Design","description":"Koch Waldner Robert","publisher":{"@id":"https:\/\/bd.bz.it\/de\/#organization"},"potentialAction":[{"@type":"SearchAction","target":{"@type":"EntryPoint","urlTemplate":"https:\/\/bd.bz.it\/de\/?s={search_term_string}"},"query-input":{"@type":"PropertyValueSpecification","valueRequired":true,"valueName":"search_term_string"}}],"inLanguage":"it-IT"},{"@type":"Organization","@id":"https:\/\/bd.bz.it\/de\/#organization","name":"Bau Design","url":"https:\/\/bd.bz.it\/de\/","logo":{"@type":"ImageObject","inLanguage":"it-IT","@id":"https:\/\/bd.bz.it\/de\/#\/schema\/logo\/image\/","url":"https:\/\/bd.bz.it\/wp-content\/uploads\/2025\/04\/bau-design_koch-waldner-robert_web-app-manifest-512x512-1.png","contentUrl":"https:\/\/bd.bz.it\/wp-content\/uploads\/2025\/04\/bau-design_koch-waldner-robert_web-app-manifest-512x512-1.png","width":512,"height":512,"caption":"Bau Design"},"image":{"@id":"https:\/\/bd.bz.it\/de\/#\/schema\/logo\/image\/"}}]}},"_links":{"self":[{"href":"https:\/\/bd.bz.it\/it\/wp-json\/wp\/v2\/pages\/7","targetHints":{"allow":["GET"]}}],"collection":[{"href":"https:\/\/bd.bz.it\/it\/wp-json\/wp\/v2\/pages"}],"about":[{"href":"https:\/\/bd.bz.it\/it\/wp-json\/wp\/v2\/types\/page"}],"author":[{"embeddable":true,"href":"https:\/\/bd.bz.it\/it\/wp-json\/wp\/v2\/users\/1"}],"replies":[{"embeddable":true,"href":"https:\/\/bd.bz.it\/it\/wp-json\/wp\/v2\/comments?post=7"}],"version-history":[{"count":58,"href":"https:\/\/bd.bz.it\/it\/wp-json\/wp\/v2\/pages\/7\/revisions"}],"predecessor-version":[{"id":291,"href":"https:\/\/bd.bz.it\/it\/wp-json\/wp\/v2\/pages\/7\/revisions\/291"}],"wp:attachment":[{"href":"https:\/\/bd.bz.it\/it\/wp-json\/wp\/v2\/media?parent=7"}],"curies":[{"name":"wp","href":"https:\/\/api.w.org\/{rel}","templated":true}]}}